{"id":28141,"date":"2023-07-12T12:21:44","date_gmt":"2023-07-12T10:21:44","guid":{"rendered":"https:\/\/www.vinexposium.com\/?page_id=28141"},"modified":"2026-03-01T10:20:01","modified_gmt":"2026-03-01T09:20:01","slug":"values","status":"publish","type":"page","link":"https:\/\/www.vinexposium.com\/en\/group\/values\/","title":{"rendered":"Our values"},"content":{"rendered":"<div class=\"wpb-content-wrapper\"><p>[vc_row css_animation=&#8221;none&#8221; css=&#8221;.vc_custom_1760337732315{margin-top: 50px !important;background-image: url(https:\/\/www.vinexposium.com\/wp-content\/uploads\/2025\/10\/Valeurs_1900x500.webp?id=39635) !important;background-position: center !important;background-repeat: no-repeat !important;background-size: cover !important;}&#8221;][vc_column][vc_row_inner content_placement=&#8221;middle&#8221;][vc_column_inner][vc_column_text css=&#8221;.vc_custom_1760337823040{padding-top: 110px !important;padding-bottom: 110px !important;}&#8221;]<\/p>\n<h1 style=\"text-align: center;\"><strong><span style=\"font-size: 0.8em; color: #ffffff;\">OUR VALUES<\/span><\/strong><\/h1>\n<p>[\/vc_column_text][\/vc_column_inner][\/vc_row_inner][\/vc_column][\/vc_row][vc_row css_animation=&#8221;none&#8221; el_class=&#8221;vc_row_no_padding vc_row_narrow&#8221;][vc_column][vc_row_inner][vc_column_inner][vc_column_text css_animation=&#8221;none&#8221; css=&#8221;&#8221;]<\/p>\n<p style=\"text-align: center;\"><span style=\"color: #171717;\"><span style=\"font-size: 1.5rem;\">Our values are our driving force. We make them a reality every day, in the way we do our job and how we interact among each other and with each of our partners. They are what makes us unique. We have chosen to label them and share them with our community. If we were to sum them up in just three words, they would be: solidarity, sharing and performance.<\/span><\/span><\/p>\n<p>[\/vc_column_text][\/vc_column_inner][\/vc_row_inner][\/vc_column][\/vc_row][vc_row][vc_column][vc_row_inner][vc_column_inner][vc_column_text css_animation=&#8221;none&#8221; css=&#8221;&#8221;]<\/p>\n<h2 style=\"text-align: center; text-transform: none;\"><a id=\"solidarite\"><\/a>The strength of solidarity<\/h2>\n<p>[\/vc_column_text][vc_column_text css_animation=&#8221;none&#8221;][\/vc_column_text][vc_column_text css_animation=&#8221;none&#8221; css=&#8221;&#8221;]<\/p>\n<p style=\"text-align: left;\"><span style=\"font-size: 1.3rem; color: #242424;\">Our guiding principle is to understand the challenges faced by each industry member and provide the appropriate response, work hand in hand with our service providers towards a common goal and stay loyal to everyone, always.<\/span><\/p>\n<p>[\/vc_column_text][vc_column_text css_animation=&#8221;none&#8221; css=&#8221;&#8221;]<\/p>\n<p style=\"text-align: left;\"><span style=\"font-size: 1.5rem; color: #171717;\"><strong>\u201cThis is the community spirit which makes our collective rock solid.\u201d<\/strong><\/span><\/p>\n<p>[\/vc_column_text][\/vc_column_inner][\/vc_row_inner][\/vc_column][\/vc_row][vc_row][vc_column][vc_row_inner][vc_column_inner][vc_column_text css_animation=&#8221;none&#8221; css=&#8221;&#8221;]<\/p>\n<h2 style=\"text-align: center; text-transform: none;\"><a id=\"solidarite\"><\/a>A sense of sharing<\/h2>\n<p>[\/vc_column_text][vc_column_text css_animation=&#8221;none&#8221;][\/vc_column_text][vc_column_text css_animation=&#8221;none&#8221; css=&#8221;&#8221;]<\/p>\n<p style=\"text-align: left;\"><span style=\"font-size: 1.3rem; color: #171717;\">\u00a0We believe that conviviality is the very essence of what we do. It unites us around a shared passion within a global wine and spirits industry teeming with myriad styles and personalities.<\/span><\/p>\n<p>[\/vc_column_text][vc_column_text css_animation=&#8221;none&#8221; css=&#8221;&#8221;]<\/p>\n<p style=\"text-align: left;\"><span style=\"color: #171717; font-size: 1.5rem;\"><strong>\u201cThis sense of sharing is what makes our community so appealing!\u201d<br \/>\n<\/strong><\/span><\/p>\n<p>[\/vc_column_text][\/vc_column_inner][\/vc_row_inner][\/vc_column][\/vc_row][vc_row][vc_column][vc_row_inner][vc_column_inner][vc_column_text css_animation=&#8221;none&#8221; css=&#8221;&#8221;]<\/p>\n<h2 style=\"text-align: center; text-transform: none;\"><a id=\"solidarite\"><\/a>An appetite for performance<\/h2>\n<p>[\/vc_column_text][vc_column_text css_animation=&#8221;none&#8221;][\/vc_column_text][vc_column_text css_animation=&#8221;none&#8221; css=&#8221;&#8221;]<\/p>\n<p style=\"text-align: left;\"><span style=\"font-size: 1.3rem; color: #171717;\">Our guiding principle is to unite the French industry, breaking new ground in the market place and forging ahead, whether the environment is positive or not. Boldness and agility define our corporate culture.<\/span><\/p>\n<p>[\/vc_column_text][vc_column_text css_animation=&#8221;none&#8221; css=&#8221;&#8221;]<\/p>\n<p style=\"text-align: left;\"><span style=\"font-size: 1.5rem; color: #171717;\"><strong>\u201cDetermination is what makes our community ambitious\u201d<\/strong><\/span><\/p>\n<p>[\/vc_column_text][vc_btn title=&#8221;Discover our history&#8221; style=&#8221;outline&#8221; color=&#8221;black&#8221; size=&#8221;lg&#8221; align=&#8221;center&#8221; css=&#8221;.vc_custom_1772356795595{padding-top: 30px !important;}&#8221; link=&#8221;url:https%3A%2F%2Fwww.vinexposium.com%2Fnotre-histoire%2F|title:Notre%20histoire&#8221;][\/vc_column_inner][\/vc_row_inner][\/vc_column][\/vc_row][vc_row disable_element=&#8221;yes&#8221;][vc_column][vc_row_inner][vc_column_inner][vc_column_text]<\/p>\n<h2 style=\"text-align: center;\"><span style=\"font-size: 1em;\">OUR CSR TARGETS<\/span><\/h2>\n<p>[\/vc_column_text][vc_separator color=&#8221;black&#8221; el_width=&#8221;10&#8243; css=&#8221;.vc_custom_1697555965830{margin-top: -20px !important;}&#8221;][\/vc_column_inner][\/vc_row_inner][vc_empty_space height=&#8221;50px&#8221;][vc_row_inner content_placement=&#8221;middle&#8221;][vc_column_inner css=&#8221;.vc_custom_1686839373449{border-left-width: 80px !important;}&#8221;][vc_column_text css_animation=&#8221;none&#8221;]<\/p>\n<h3 style=\"text-align: left;\"><span style=\"font-size: 1em;\">Carbon neutral by 2030<\/span><\/h3>\n<p>[\/vc_column_text][vc_column_text css_animation=&#8221;none&#8221;]<span style=\"font-size: 14pt; color: #242424;\">Paragraphe d\u2019explication de l\u2019objectif et des moyens mis en oeuvre<\/span><br \/>\n<span style=\"font-size: 14pt; color: #242424;\">pour l\u2019atteindre. \u00c0 pr\u00e9ciser avec Laurent et Guillemette.<\/span><\/p>\n<p><span style=\"font-size: 14pt; color: #242424;\">Lorem ipsum dolor sit amet, consectetur adipiscing elit, sed do eiusmod tempor incididunt ut labore et dolore magna aliqua. Ut enim ad minim veniam, quis nostrud exercitation ullamco laboris nisi ut aliquip ex ea commodo consequat. Duis aute irure dolor in reprehenderit in voluptate velit esse cillum dolore eu fugiat nulla pariatur. Excepteur sint occaecat cupidatat non proident, sunt in culpa qui officia deserunt mollit anim id est laborum.a<\/span>[\/vc_column_text][\/vc_column_inner][\/vc_row_inner][\/vc_column][\/vc_row][vc_row disable_element=&#8221;yes&#8221; css=&#8221;.vc_custom_1695113320128{background-color: #f4f4f4 !important;}&#8221; el_class=&#8221;vc_row_cols&#8221; el_id=&#8221;dna&#8221;][vc_column][vc_row_inner][vc_column_inner][vc_column_text css_animation=&#8221;none&#8221;]<\/p>\n<h2 style=\"text-align: center;\"><span style=\"font-size: 1em;\">CSR TARGET 2 ? AND 3 ?<\/span><\/h2>\n<p>[\/vc_column_text][vc_separator color=&#8221;black&#8221; el_width=&#8221;10&#8243; css=&#8221;.vc_custom_1697555957536{margin-top: -20px !important;}&#8221;][vc_column_text]<\/p>\n<p style=\"text-align: center;\"><span style=\"font-size: 14pt; color: #242424;\">En attente \u00e9l\u00e9ments directions des Op\u00e9rations et Ressources Humaines<\/span><br \/>\n<span style=\"font-size: 14pt; color: #242424;\">(autres indicateurs RSE, m\u00e9c\u00e9nat des comp\u00e9tences, politique d\u2019inclusion, etc.).<\/span><\/p>\n<p>[\/vc_column_text][\/vc_column_inner][\/vc_row_inner][\/vc_column][\/vc_row]<\/p>\n<\/div>","protected":false},"excerpt":{"rendered":"<p>[vc_row css_animation=&#8221;none&#8221; css=&#8221;.vc_custom_1760337732315{margin-top: 50px !important;background-image: url(https:\/\/www.vinexposium.com\/wp-content\/uploads\/2025\/10\/Valeurs_1900x500.webp?id=39635) !important;background-position: center !important;background-repeat: no-repeat !important;background-size: cover !important;}&#8221;][vc_column][vc_row_inner content_placement=&#8221;middle&#8221;][vc_column_inner][vc_column_text css=&#8221;.vc_custom_1760337823040{padding-top: 110px !important;padding-bottom: 110px !important;}&#8221;] OUR VALUES [\/vc_column_text][\/vc_column_inner][\/vc_row_inner][\/vc_column][\/vc_row][vc_row css_animation=&#8221;none&#8221; el_class=&#8221;vc_row_no_padding vc_row_narrow&#8221;][vc_column][vc_row_inner][vc_column_inner][vc_column_text css_animation=&#8221;none&#8221; css=&#8221;&#8221;] Our values are our driving force. We make them a (\u2026)<\/p>\n","protected":false},"author":14,"featured_media":39635,"parent":3140,"menu_order":0,"comment_status":"closed","ping_status":"closed","template":"","meta":{"_acf_changed":false,"footnotes":""},"class_list":["post-28141","page","type-page","status-publish","has-post-thumbnail","hentry"],"acf":[],"yoast_head":"<!-- This site is optimized with the Yoast SEO plugin v25.9 - https:\/\/yoast.com\/wordpress\/plugins\/seo\/ -->\n<title>Our values &#8211; Vinexposium<\/title>\n<meta name=\"description\" content=\"Our values are our driving force. We make them a reality every day, in the way we do our job and how we interact among each other and with each of our partners.\" \/>\n<meta name=\"robots\" content=\"index, follow, max-snippet:-1, max-image-preview:large, max-video-preview:-1\" \/>\n<link rel=\"canonical\" href=\"https:\/\/www.vinexposium.com\/en\/group\/values\/\" \/>\n<meta property=\"og:locale\" content=\"en_US\" \/>\n<meta property=\"og:type\" content=\"article\" \/>\n<meta property=\"og:title\" content=\"Our values &#8211; Vinexposium\" \/>\n<meta property=\"og:description\" content=\"Our values are our driving force. We make them a reality every day, in the way we do our job and how we interact among each other and with each of our partners.\" \/>\n<meta property=\"og:url\" content=\"https:\/\/www.vinexposium.com\/en\/group\/values\/\" \/>\n<meta property=\"og:site_name\" content=\"Vinexposium\" \/>\n<meta property=\"article:modified_time\" content=\"2026-03-01T09:20:01+00:00\" \/>\n<meta property=\"og:image\" content=\"https:\/\/www.vinexposium.com\/wp-content\/uploads\/2025\/10\/Valeurs_1900x500.webp\" \/>\n\t<meta property=\"og:image:width\" content=\"1900\" \/>\n\t<meta property=\"og:image:height\" content=\"500\" \/>\n\t<meta property=\"og:image:type\" content=\"image\/webp\" \/>\n<meta name=\"twitter:card\" content=\"summary_large_image\" \/>\n<meta name=\"twitter:label1\" content=\"Est. reading time\" \/>\n\t<meta name=\"twitter:data1\" content=\"3 minutes\" \/>\n<script type=\"application\/ld+json\" class=\"yoast-schema-graph\">{\"@context\":\"https:\/\/schema.org\",\"@graph\":[{\"@type\":\"WebPage\",\"@id\":\"https:\/\/www.vinexposium.com\/en\/group\/values\/\",\"url\":\"https:\/\/www.vinexposium.com\/en\/group\/values\/\",\"name\":\"Our values &#8211; Vinexposium\",\"isPartOf\":{\"@id\":\"https:\/\/www.vinexposium.com\/en\/#website\"},\"primaryImageOfPage\":{\"@id\":\"https:\/\/www.vinexposium.com\/en\/group\/values\/#primaryimage\"},\"image\":{\"@id\":\"https:\/\/www.vinexposium.com\/en\/group\/values\/#primaryimage\"},\"thumbnailUrl\":\"https:\/\/www.vinexposium.com\/wp-content\/uploads\/2025\/10\/Valeurs_1900x500.webp\",\"datePublished\":\"2023-07-12T10:21:44+00:00\",\"dateModified\":\"2026-03-01T09:20:01+00:00\",\"description\":\"Our values are our driving force. We make them a reality every day, in the way we do our job and how we interact among each other and with each of our partners.\",\"breadcrumb\":{\"@id\":\"https:\/\/www.vinexposium.com\/en\/group\/values\/#breadcrumb\"},\"inLanguage\":\"en-US\",\"potentialAction\":[{\"@type\":\"ReadAction\",\"target\":[\"https:\/\/www.vinexposium.com\/en\/group\/values\/\"]}]},{\"@type\":\"ImageObject\",\"inLanguage\":\"en-US\",\"@id\":\"https:\/\/www.vinexposium.com\/en\/group\/values\/#primaryimage\",\"url\":\"https:\/\/www.vinexposium.com\/wp-content\/uploads\/2025\/10\/Valeurs_1900x500.webp\",\"contentUrl\":\"https:\/\/www.vinexposium.com\/wp-content\/uploads\/2025\/10\/Valeurs_1900x500.webp\",\"width\":1900,\"height\":500},{\"@type\":\"BreadcrumbList\",\"@id\":\"https:\/\/www.vinexposium.com\/en\/group\/values\/#breadcrumb\",\"itemListElement\":[{\"@type\":\"ListItem\",\"position\":1,\"name\":\"Home\",\"item\":\"https:\/\/www.vinexposium.com\/en\/\"},{\"@type\":\"ListItem\",\"position\":2,\"name\":\"Group\",\"item\":\"https:\/\/www.vinexposium.com\/en\/group\/\"},{\"@type\":\"ListItem\",\"position\":3,\"name\":\"Our values\"}]},{\"@type\":\"WebSite\",\"@id\":\"https:\/\/www.vinexposium.com\/en\/#website\",\"url\":\"https:\/\/www.vinexposium.com\/en\/\",\"name\":\"Vinexposium\",\"description\":\"\",\"potentialAction\":[{\"@type\":\"SearchAction\",\"target\":{\"@type\":\"EntryPoint\",\"urlTemplate\":\"https:\/\/www.vinexposium.com\/en\/?s={search_term_string}\"},\"query-input\":{\"@type\":\"PropertyValueSpecification\",\"valueRequired\":true,\"valueName\":\"search_term_string\"}}],\"inLanguage\":\"en-US\"}]}<\/script>\n<!-- \/ Yoast SEO plugin. -->","yoast_head_json":{"title":"Our values &#8211; Vinexposium","description":"Our values are our driving force. We make them a reality every day, in the way we do our job and how we interact among each other and with each of our partners.","robots":{"index":"index","follow":"follow","max-snippet":"max-snippet:-1","max-image-preview":"max-image-preview:large","max-video-preview":"max-video-preview:-1"},"canonical":"https:\/\/www.vinexposium.com\/en\/group\/values\/","og_locale":"en_US","og_type":"article","og_title":"Our values &#8211; Vinexposium","og_description":"Our values are our driving force. We make them a reality every day, in the way we do our job and how we interact among each other and with each of our partners.","og_url":"https:\/\/www.vinexposium.com\/en\/group\/values\/","og_site_name":"Vinexposium","article_modified_time":"2026-03-01T09:20:01+00:00","og_image":[{"width":1900,"height":500,"url":"https:\/\/www.vinexposium.com\/wp-content\/uploads\/2025\/10\/Valeurs_1900x500.webp","type":"image\/webp"}],"twitter_card":"summary_large_image","twitter_misc":{"Est. reading time":"3 minutes"},"schema":{"@context":"https:\/\/schema.org","@graph":[{"@type":"WebPage","@id":"https:\/\/www.vinexposium.com\/en\/group\/values\/","url":"https:\/\/www.vinexposium.com\/en\/group\/values\/","name":"Our values &#8211; Vinexposium","isPartOf":{"@id":"https:\/\/www.vinexposium.com\/en\/#website"},"primaryImageOfPage":{"@id":"https:\/\/www.vinexposium.com\/en\/group\/values\/#primaryimage"},"image":{"@id":"https:\/\/www.vinexposium.com\/en\/group\/values\/#primaryimage"},"thumbnailUrl":"https:\/\/www.vinexposium.com\/wp-content\/uploads\/2025\/10\/Valeurs_1900x500.webp","datePublished":"2023-07-12T10:21:44+00:00","dateModified":"2026-03-01T09:20:01+00:00","description":"Our values are our driving force. We make them a reality every day, in the way we do our job and how we interact among each other and with each of our partners.","breadcrumb":{"@id":"https:\/\/www.vinexposium.com\/en\/group\/values\/#breadcrumb"},"inLanguage":"en-US","potentialAction":[{"@type":"ReadAction","target":["https:\/\/www.vinexposium.com\/en\/group\/values\/"]}]},{"@type":"ImageObject","inLanguage":"en-US","@id":"https:\/\/www.vinexposium.com\/en\/group\/values\/#primaryimage","url":"https:\/\/www.vinexposium.com\/wp-content\/uploads\/2025\/10\/Valeurs_1900x500.webp","contentUrl":"https:\/\/www.vinexposium.com\/wp-content\/uploads\/2025\/10\/Valeurs_1900x500.webp","width":1900,"height":500},{"@type":"BreadcrumbList","@id":"https:\/\/www.vinexposium.com\/en\/group\/values\/#breadcrumb","itemListElement":[{"@type":"ListItem","position":1,"name":"Home","item":"https:\/\/www.vinexposium.com\/en\/"},{"@type":"ListItem","position":2,"name":"Group","item":"https:\/\/www.vinexposium.com\/en\/group\/"},{"@type":"ListItem","position":3,"name":"Our values"}]},{"@type":"WebSite","@id":"https:\/\/www.vinexposium.com\/en\/#website","url":"https:\/\/www.vinexposium.com\/en\/","name":"Vinexposium","description":"","potentialAction":[{"@type":"SearchAction","target":{"@type":"EntryPoint","urlTemplate":"https:\/\/www.vinexposium.com\/en\/?s={search_term_string}"},"query-input":{"@type":"PropertyValueSpecification","valueRequired":true,"valueName":"search_term_string"}}],"inLanguage":"en-US"}]}},"_links":{"self":[{"href":"https:\/\/www.vinexposium.com\/en\/wp-json\/wp\/v2\/pages\/28141","targetHints":{"allow":["GET"]}}],"collection":[{"href":"https:\/\/www.vinexposium.com\/en\/wp-json\/wp\/v2\/pages"}],"about":[{"href":"https:\/\/www.vinexposium.com\/en\/wp-json\/wp\/v2\/types\/page"}],"author":[{"embeddable":true,"href":"https:\/\/www.vinexposium.com\/en\/wp-json\/wp\/v2\/users\/14"}],"replies":[{"embeddable":true,"href":"https:\/\/www.vinexposium.com\/en\/wp-json\/wp\/v2\/comments?post=28141"}],"version-history":[{"count":3,"href":"https:\/\/www.vinexposium.com\/en\/wp-json\/wp\/v2\/pages\/28141\/revisions"}],"predecessor-version":[{"id":42927,"href":"https:\/\/www.vinexposium.com\/en\/wp-json\/wp\/v2\/pages\/28141\/revisions\/42927"}],"up":[{"embeddable":true,"href":"https:\/\/www.vinexposium.com\/en\/wp-json\/wp\/v2\/pages\/3140"}],"wp:featuredmedia":[{"embeddable":true,"href":"https:\/\/www.vinexposium.com\/en\/wp-json\/wp\/v2\/media\/39635"}],"wp:attachment":[{"href":"https:\/\/www.vinexposium.com\/en\/wp-json\/wp\/v2\/media?parent=28141"}],"curies":[{"name":"wp","href":"https:\/\/api.w.org\/{rel}","templated":true}]}}